{"id":3,"date":"2007-08-23T09:55:31","date_gmt":"2007-08-23T08:55:31","guid":{"rendered":"http:\/\/hangmester.netpok.hu\/index.php\/eszkozok\/"},"modified":"2007-11-07T21:42:28","modified_gmt":"2007-11-07T19:42:28","slug":"eszkozok","status":"publish","type":"page","link":"https:\/\/hangmester.netpok.hu\/index.php\/eszkozok\/","title":{"rendered":"Eszk\u00f6z\u00f6k"},"content":{"rendered":"<p><em>Az eszk\u00f6zparkot folyamatosan fejlesztj\u00fck,\u00a0valamint alkalmi b\u0151v\u00edt\u00e9se is megoldott.<\/em><\/p>\n<h2>Mikrofonok<\/h2>\n<p><img STYLE=\"height: 120px; margin-left: 5px; width: 51px\" HEIGHT=\"120\" WIDTH=\"51\" ALIGN=\"right\" SRC=\"\/wp-content\/opus29s.jpg\" \/><strong>Beyerdynamic Opus 29 S\u00a0dinamikus \u00e9nekmikrofon<\/strong><br \/>\nDinamikus szuperkardioid mikrofon.<br \/>\n\u00c1tviteli s\u00e1v (k\u00f6zelr\u0151l): 50 Hz &#8211; 16 kHz<br \/>\n\u00c1tviteli s\u00e1v (t\u00e1volr\u00f3l): 100 Hz &#8211; 14 kHz<br \/>\nHangnyom\u00e1s\u00e9rz\u00e9kenys\u00e9g: 2,4 mV\/Pa<br \/>\nImpedancia: 600 \u2126<\/p>\n<p><strong>RH\u00a0Sound\u00a0HST02A\u00a0kondenz\u00e1tor hangszermikrofon (2\u00a0db)<\/strong><br \/>\n<img STYLE=\"width: 37px; height: 120px; margin-left: 5px\" HEIGHT=\"224\" WIDTH=\"69\" ALIGN=\"right\" SRC=\"\/wp-content\/hst-02a.jpg\" \/>Kismembr\u00e1nos mikrofon vese karakterisztik\u00e1val.<br \/>\n\u00c1tviteli s\u00e1v: 30 Hz &#8211; 20 kHz<br \/>\n\u00c9rz\u00e9kenys\u00e9g: -40 dBV<br \/>\nImpedancia: 250 \u2126<br \/>\nKapcsol\u00f3k: pad (-10 dB), m\u00e9lyv\u00e1g\u00f3 (80 Hz, 12 dB\/okt\u00e1v)<br \/>\n48 V fantomt\u00e1p<\/p>\n<p><strong>Behringer\u00a0B-1\u00a0kondenz\u00e1tor\u00a0st\u00fadi\u00f3mikrofon\u00a0(2\u00a0db)<\/strong><br \/>\n<img SRC=\"\/wp-content\/b-1.jpg\" ALIGN=\"right\" WIDTH=\"72\" HEIGHT=\"150\" STYLE=\"width: 72px; height: 150px; margin-left: 5px\" \/>Nagymembr\u00e1nos mikrofon vese karakterisztik\u00e1val.<br \/>\n\u00c1tviteli s\u00e1v: 20 Hz &#8211; 20 kHz<br \/>\nHangnyom\u00e1s\u00e9rz\u00e9kenys\u00e9g: 20 mV\/Pa<br \/>\nJel-zaj ar\u00e1ny: 81 dB<br \/>\nImpedancia: 50 \u2126 \/ &gt;1 k\u2126<br \/>\nKapcsol\u00f3k: pad (-10 dB), m\u00e9lyv\u00e1g\u00f3 (75 Hz, 6 dB\/okt\u00e1v)<br \/>\n48 V fantomt\u00e1p<\/p>\n<p><strong>Audio-Technica\u00a0AT4040 kondenz\u00e1tor\u00a0st\u00fadi\u00f3mikrofon<\/strong><br \/>\n<img SRC=\"\/wp-content\/at4040.jpg\" ALIGN=\"right\" WIDTH=\"66\" HEIGHT=\"150\" STYLE=\"height: 150px; margin-left: 5px; width: 66px\" \/>Nagymembr\u00e1nos mikrofon vese karakterisztik\u00e1val.<br \/>\n\u00c1tviteli s\u00e1v: 20 Hz &#8211; 20 kHz<br \/>\n\u00c9rz\u00e9kenys\u00e9g: -32 dBV<br \/>\nJel-zaj ar\u00e1ny: 82 dB<br \/>\nImpedancia: 100 k\u2126<br \/>\nKapcsol\u00f3k: pad (-10 dB), m\u00e9lyv\u00e1g\u00f3 (80 Hz, 12 dB\/okt\u00e1v)<br \/>\n48 V fantomt\u00e1p<\/p>\n<hr STYLE=\"margin-bottom: 20px; visibility: hidden\" \/>\n<h2>R\u00f6gz\u00edt\u00e9s<\/h2>\n<p><strong>M-Audio\u00a0Fast\u00a0Track\u00a0Pro k\u00fcls\u0151 hangk\u00e1rtya<\/strong><br \/>\n<img SRC=\"\/wp-content\/FastTrackPro.jpg\" ALIGN=\"right\" WIDTH=\"100\" HEIGHT=\"49\" STYLE=\"width: 100px; height: 49px\" \/>Sztere\u00f3 felv\u00e9telek r\u00f6gz\u00edt\u00e9s\u00e9hez valamint lehallgat\u00e1shoz.<br \/>\nk\u00e9t mikrofon\/hangszer el\u0151fok, 48 V fantomt\u00e1p<br \/>\n24 bit \/ 96 kHz audio interf\u00e9sz<br \/>\nszimm.\/asszimm. anal\u00f3g I\/O<br \/>\nS\/PDIF koax, MIDI I\/O<\/p>\n<p><strong>Phonic\u00a0Helix Board 18 FireWire MKII\u00a0t\u00f6bbs\u00e1vos kever\u0151\u00a0&#8211;\u00a0A\/D\u00a0\u00e1talak\u00edt\u00f3<\/strong><br \/>\n<img STYLE=\"width: 240px; height: 172px\" HEIGHT=\"172\" WIDTH=\"240\" ALIGN=\"right\" SRC=\"\/wp-content\/hb18fwmkii.png\" \/>T\u00f6bbs\u00e1vos felv\u00e9telek r\u00f6gz\u00edt\u00e9s\u00e9hez.<br \/>\n8 mikrofon el\u0151er\u0151s\u00edt\u0151, 48 V fantomt\u00e1ppal<br \/>\n16 diszkr\u00e9ten r\u00f6gz\u00edthet\u0151 csatorna<br \/>\nszimm.\/asszimm. anal\u00f3g I\/O<br \/>\n96 kHz FireWire A\/D interf\u00e9sz, S\/PDIF<br \/>\npre\/post EQ &amp; fader felv\u00e9teli pontok<br \/>\n3 AUX csatorna, 2 csoport csatorna<br \/>\nval\u00f3s idej\u0171 felv\u00e9tel monitoroz\u00e1s<br \/>\nt\u00f6bb mint 100\u00a0programos 32\/40 bites digit\u00e1lis multi-effekt<\/p>\n<p><strong>Lenovo\u00a03000\u00a0N100\u00a0notebook\u00a0PC<\/strong><br \/>\n<img STYLE=\"width: 110px; height: 100px; margin-left: 5px\" HEIGHT=\"110\" WIDTH=\"100\" ALIGN=\"right\" SRC=\"\/wp-content\/Lenovo_n100.jpg\" \/>Mobile DualCore Intel Pentium M, 1733 MHz (13 x 133)<br \/>\n1024 MB RAM<br \/>\n120 GB merevlemez<\/p>\n<hr STYLE=\"margin-bottom: 20px; visibility: hidden\" \/>\n<h2>Lehallgat\u00e1s<\/h2>\n<p><strong>AKG\u00a0K240\u00a0Studio fejhallgat\u00f3<\/strong><br \/>\n<img STYLE=\"width: 72px; height: 100px; margin-left: 5px\" HEIGHT=\"100\" WIDTH=\"72\" ALIGN=\"right\" SRC=\"\/wp-content\/akg_k240.jpg\" \/>F\u00e9lig nyitott\u00a0professzion\u00e1lis st\u00fadi\u00f3fejhallgat\u00f3.<br \/>\nFrekvencia\u00e1tvitel: 15 Hz &#8211; 25 kHz<br \/>\n\u00c9rz\u00e9kenys\u00e9g: 91 dB\/mW, 104 dB\/V<br \/>\nMax. teljes\u00edtm\u00e9ny: 200 mW<br \/>\nImpedancia:\u00a055 \u2126<\/p>\n<p><strong>M-Audio\u00a0DX4 st\u00fadi\u00f3monitor<\/strong><br \/>\n<img STYLE=\"width: 175px; height: 100px\" HEIGHT=\"100\" WIDTH=\"175\" ALIGN=\"right\" SRC=\"\/wp-content\/dx4.jpg\" \/>magassug\u00e1rz\u00f3: 1&#8243; mylar membr\u00e1n<br \/>\nm\u00e9lysug\u00e1rz\u00f3: 4&#8243;  mer\u00edtett pap\u00edr membr\u00e1n<br \/>\ndinamikus teljes\u00edtm\u00e9ny: 18 watt\/csatorna<br \/>\ndinamika: &gt;95dB<br \/>\njel\/zaj ar\u00e1ny: &gt; 90 dB<br \/>\nhangteljes\u00edtm\u00e9ny: 101,5 dB<br \/>\nbemeneti impedancia: 20 k\u2126 szimmetrikus, 10 k\u2126 aszimmetrikus<\/p>\n","protected":false},"excerpt":{"rendered":"<p>Az eszk\u00f6zparkot folyamatosan fejlesztj\u00fck,\u00a0valamint alkalmi b\u0151v\u00edt\u00e9se is megoldott. Mikrofonok Beyerdynamic Opus 29 S\u00a0dinamikus \u00e9nekmikrofon Dinamikus szuperkardioid mikrofon. \u00c1tviteli s\u00e1v (k\u00f6zelr\u0151l): 50 Hz &#8211; 16 kHz \u00c1tviteli s\u00e1v (t\u00e1volr\u00f3l): 100 Hz &#8211; 14 kHz Hangnyom\u00e1s\u00e9rz\u00e9kenys\u00e9g: 2,4 mV\/Pa Impedancia: 600 \u2126 RH\u00a0Sound\u00a0HST02A\u00a0kondenz\u00e1tor hangszermikrofon (2\u00a0db) Kismembr\u00e1nos mikrofon vese karakterisztik\u00e1val. \u00c1tviteli s\u00e1v: 30 Hz &#8211; 20 kHz \u00c9rz\u00e9kenys\u00e9g: -40&hellip; <a class=\"more-link\" href=\"https:\/\/hangmester.netpok.hu\/index.php\/eszkozok\/\"><span class=\"screen-reader-text\">Eszk\u00f6z\u00f6k<\/span> olvas\u00e1s\u00e1nak folytat\u00e1sa<\/a><\/p>\n","protected":false},"author":1,"featured_media":0,"parent":0,"menu_order":0,"comment_status":"open","ping_status":"closed","template":"","meta":{"h5ap_radio_sources":[],"footnotes":""},"class_list":["post-3","page","type-page","status-publish","hentry","entry"],"_links":{"self":[{"href":"https:\/\/hangmester.netpok.hu\/index.php\/wp-json\/wp\/v2\/pages\/3","targetHints":{"allow":["GET"]}}],"collection":[{"href":"https:\/\/hangmester.netpok.hu\/index.php\/wp-json\/wp\/v2\/pages"}],"about":[{"href":"https:\/\/hangmester.netpok.hu\/index.php\/wp-json\/wp\/v2\/types\/page"}],"author":[{"embeddable":true,"href":"https:\/\/hangmester.netpok.hu\/index.php\/wp-json\/wp\/v2\/users\/1"}],"replies":[{"embeddable":true,"href":"https:\/\/hangmester.netpok.hu\/index.php\/wp-json\/wp\/v2\/comments?post=3"}],"version-history":[{"count":0,"href":"https:\/\/hangmester.netpok.hu\/index.php\/wp-json\/wp\/v2\/pages\/3\/revisions"}],"wp:attachment":[{"href":"https:\/\/hangmester.netpok.hu\/index.php\/wp-json\/wp\/v2\/media?parent=3"}],"curies":[{"name":"wp","href":"https:\/\/api.w.org\/{rel}","templated":true}]}}