{"id":2,"date":"2007-08-22T10:32:36","date_gmt":"2007-08-22T08:32:36","guid":{"rendered":""},"modified":"2008-08-04T21:57:24","modified_gmt":"2008-08-04T19:57:24","slug":"magunkrol","status":"publish","type":"page","link":"https:\/\/hangmester.netpok.hu\/index.php\/magunkrol\/","title":{"rendered":"Magunkr\u00f3l"},"content":{"rendered":"<hr style=\"visibility: hidden; height: 20px\" \/>\n<h1><a title=\"kbalazs\" name=\"kbalazs\"><\/a>Kov\u00e1cs Bal\u00e1zs<\/h1>\n<p align=\"justify\"><img loading=\"lazy\" decoding=\"async\" style=\"width: 124px; height: 200px; margin-right: 5px\" src=\"\/wp-content\/balazs.jpg\" alt=\"\" width=\"125\" height=\"205\" align=\"left\" \/>Kezdetekt\u0151l fogva \u00e9rdekelt a zene, a hang; m\u0171v\u00e9szi \u00e9s fizikai szempontb\u00f3l egyar\u00e1nt. \u00c1ltal\u00e1nos iskol\u00e1s koromt\u00f3l <strong>zongor\u00e1zni majd orgon\u00e1lni tanultam<\/strong>, majd a budapesti Harmat Art\u00far K\u00f6zponti K\u00e1ntork\u00e9pz\u0151ben t\u00f6bbek k\u00f6z\u00f6tt <strong>\u00f6sszhangzattan, karvezet\u00e9s \u00e9s szolf\u00e9zs<\/strong> ter\u00fcleten b\u0151v\u00edtettem tud\u00e1somat. 2004-t\u0151l a Budapesti M\u0171szaki Egyetem, majd a Budapesti M\u0171szaki F\u0151iskola <strong>villamosm\u00e9rn\u00f6ki kar\u00e1nak<\/strong> akt\u00edv hallgat\u00f3ja vagyok, ezzel alapozva meg a m\u0171szaki vonalat. E k\u00e9t ter\u00fclet tal\u00e1lkoz\u00e1sak\u00e9nt ker\u00fcltem kapcsolatba a hangtechnik\u00e1val, s v\u00e9geztem el a 2006-07. tan\u00e9vben a Magyar R\u00e1di\u00f3 ZRt. <strong>Hangmester Akad\u00e9mia<\/strong> tanfolyam\u00e1t.\u00a0Itt\u00a0szereztem\u00a0meg\u00a0a\u00a0szakmai\u00a0alapokat,\u00a0s z\u00e1r\u00f3vizsg\u00e1m eredm\u00e9nyek\u00e9nt jeles min\u0151s\u00edt\u00e9ssel <strong>okleveles hangmester\/hangtechnikus<\/strong> lettem.<\/p>\n<p align=\"justify\">Jelenlegi munk\u00e1m szerint programoz\u00f3 vagyok, de szeretn\u00e9k szakmailag fejl\u0151dni \u00e9s f\u0151k\u00e9nt <strong>gyakorlatot szerezni a hangfelv\u00e9tel m\u0171v\u00e9szet\u00e9ben<\/strong><strong>. E c\u00e9lb\u00f3l v\u00e1llalom hangfelv\u00e9telek k\u00e9sz\u00edt\u00e9s\u00e9t<\/strong> amat\u0151r \u00e9s f\u00e9lprofi zen\u00e9szek r\u00e9sz\u00e9re; \u00fagy gondolom az \u0151 m\u0171v\u00e9szi ig\u00e9nyeiket tudom megfelel\u0151 szinten kiel\u00e9g\u00edteni. Els\u0151sorban az<strong> akusztikus zene<\/strong> (klasszikus \u00e9s jazz) ir\u00e1ny\u00e1ban k\u00f6telez\u0151dtem el, de \u00e9rdekl\u0151d\u00f6k <strong>hangj\u00e1t\u00e9kok<\/strong> ill. <strong>film(szinkron)<\/strong> k\u00e9sz\u00edt\u00e9se ir\u00e1nt is.<\/p>\n<p align=\"justify\">Ha \u00fagy gondolod, hogy egy\u00fctt tudn\u00e1nk m\u0171k\u00f6dni p\u00e1r felv\u00e9tel erej\u00e9ig, <strong>keress meg a lent tal\u00e1lhat\u00f3 e-mail c\u00edmen!<\/strong><\/p>\n<h2><a title=\"contact\" name=\"contact\"><\/a>Kapcsolat<\/h2>\n<p><img loading=\"lazy\" decoding=\"async\" style=\"width: 19px; height: 15px\" src=\"\/wp-content\/mail.gif\" alt=\"\" width=\"19\" height=\"15\" align=\"middle\" \/> E-mail: <a href=\"mailto:kobalazs@gmail.com\">kobalazs@gmail.com<\/a><\/p>\n<p><img loading=\"lazy\" decoding=\"async\" style=\"width: 17px; height: 17px\" src=\"\/wp-content\/mobil.gif\" alt=\"\" width=\"17\" height=\"17\" align=\"middle\" \/> Telefon:\u00a006-20\u00a024-62-703<\/p>\n<p><img loading=\"lazy\" decoding=\"async\" style=\"width: 17px; height: 14px\" src=\"\/wp-content\/msn.gif\" alt=\"\" width=\"17\" height=\"14\" align=\"middle\" \/> MSN:\u00a0kobalazs@gmail.com<\/p>\n<hr style=\"visibility: hidden; height: 20px\" \/>\n<h1><a title=\"bbeno\" name=\"bbeno\"><\/a>Borsos Benedek<\/h1>\n<p align=\"justify\"><img loading=\"lazy\" decoding=\"async\" style=\"width: 122px; height: 200px; margin-left: 5px\" src=\"\/wp-content\/beno.jpg\" alt=\"\" width=\"122\" height=\"200\" align=\"right\" \/>1985-ben sz\u00fclettem, Budapesten. A zene, illetve hangr\u00f6gz\u00edt\u00e9s m\u00e1r eg\u00e9sz kicsi korom \u00f3ta \u00e9rdekel; els\u0151 eml\u00e9kem a t\u00e9m\u00e1val kapcsolatban, hogy az \u00f3vod\u00e1ban csak az \u00f3v\u00f3 n\u00e9ni illetve \u00e9n kezelhettem a lemezj\u00e1tsz\u00f3t, amikor meselemezt vagy Kal\u00e1k\u00e1t hallgattunk. Itthon is <strong>mindig szereltem, b\u00fctyk\u00f6ltem, t\u00f6bbek k\u00f6z\u00f6tt magn\u00f3t, kazett\u00e1kat, vide\u00f3t,<\/strong> \u00e9s tal\u00e1n ennek hat\u00e1s\u00e1ra is ker\u00fcltem k\u00e9s\u0151bb a m\u0171szaki p\u00e1ly\u00e1ra.<\/p>\n<p align=\"justify\">\u00c1ltal\u00e1nos iskola ut\u00e1n tanulm\u00e1nyaimat az<strong> E\u00f6tv\u00f6s J\u00f3zsef Gimn\u00e1ziumban<\/strong> folytattam, ami szerencs\u00e9re j\u00f3 alapot biztos\u00edtott az egyetemi tanulm\u00e1nyokhoz. 2003 \u00f3ta vagyok a  <strong>Budapesti M\u0171szaki Egyetem Villamosm\u00e9rn\u00f6ki Kar\u00e1nak <\/strong>a hallgat\u00f3ja, 2007 \u0151szi f\u00e9l\u00e9vt\u0151l kezdve <strong>Akusztika \u2013 St\u00fadi\u00f3technika mell\u00e9kszakir\u00e1nyon<\/strong>.<\/p>\n<p align=\"justify\">2006-2007-ben a kolleg\u00e1hoz hasonl\u00f3an \u00e9n is elv\u00e9geztem a <strong>Magyar R\u00e1di\u00f3 Hangmester Hangtechnikus<\/strong> tanfolyam\u00e1t. A tanfolyam alatt, illetve a vizsgamunk\u00e1k k\u00e9sz\u00edt\u00e9se k\u00f6zben egyre ink\u00e1bb tudatosult bennem, hogy sz\u00edvesen foglalkozn\u00e9k hangfelv\u00e9telek k\u00e9sz\u00edt\u00e9s\u00e9vel, hiszen mind a Szent Anna templom orgon\u00e1j\u00e1nak felv\u00e9tele, mind a <a href=\"http:\/\/www.rotkreis.hu\/\" target=\"_blank\">Rotkreis<\/a> egy\u00fcttes pr\u00f3b\u00e1j\u00e1nak r\u00f6gz\u00edt\u00e9se maradand\u00f3 \u00e9lm\u00e9ny volt sz\u00e1momra. Ezek kapcs\u00e1n <strong>mind a komoly, mind a k\u00f6nny\u0171zenei vonalon<\/strong> kolleg\u00e1mmal egy\u00fctt <strong>v\u00e1llaljuk amat\u0151r illetve f\u00e9lprofi zen\u00e9szek, zenekarok r\u00f6gz\u00edt\u00e9s\u00e9t.<\/strong> Sz\u00f3val, ha felkeltett\u00fck az \u00e9rdekl\u0151d\u00e9sedet, akkor keress b\u00e1tran, \u00e9s rem\u00e9lem siker\u00fcl k\u00e9sz\u00edteni egy p\u00e1r min\u0151s\u00e9gi felv\u00e9telt.<\/p>\n<h2><a title=\"contact\" name=\"contact\"><\/a>Kapcsolat<\/h2>\n<p><img loading=\"lazy\" decoding=\"async\" style=\"width: 19px; height: 15px\" src=\"\/wp-content\/mail.gif\" alt=\"\" width=\"19\" height=\"15\" align=\"middle\" \/> E-mail: <a href=\"mailto:bbeny@freemail.hu\">bbeny@freemail.hu<\/a><\/p>\n<p><img loading=\"lazy\" decoding=\"async\" style=\"width: 17px; height: 17px\" src=\"\/wp-content\/mobil.gif\" alt=\"\" width=\"17\" height=\"17\" align=\"middle\" \/> Telefon:\u00a006-30 478-54-97<\/p>\n<p><img loading=\"lazy\" decoding=\"async\" style=\"width: 17px; height: 14px\" src=\"\/wp-content\/msn.gif\" alt=\"\" width=\"17\" height=\"14\" align=\"middle\" \/> MSN:\u00a0bbenytheone@hotmail.com<\/p>\n","protected":false},"excerpt":{"rendered":"<p>Kov\u00e1cs Bal\u00e1zs Kezdetekt\u0151l fogva \u00e9rdekelt a zene, a hang; m\u0171v\u00e9szi \u00e9s fizikai szempontb\u00f3l egyar\u00e1nt. \u00c1ltal\u00e1nos iskol\u00e1s koromt\u00f3l zongor\u00e1zni majd orgon\u00e1lni tanultam, majd a budapesti Harmat Art\u00far K\u00f6zponti K\u00e1ntork\u00e9pz\u0151ben t\u00f6bbek k\u00f6z\u00f6tt \u00f6sszhangzattan, karvezet\u00e9s \u00e9s szolf\u00e9zs ter\u00fcleten b\u0151v\u00edtettem tud\u00e1somat. 2004-t\u0151l a Budapesti M\u0171szaki Egyetem, majd a Budapesti M\u0171szaki F\u0151iskola villamosm\u00e9rn\u00f6ki kar\u00e1nak akt\u00edv hallgat\u00f3ja vagyok, ezzel alapozva meg&hellip; <a class=\"more-link\" href=\"https:\/\/hangmester.netpok.hu\/index.php\/magunkrol\/\"><span class=\"screen-reader-text\">Magunkr\u00f3l<\/span> olvas\u00e1s\u00e1nak folytat\u00e1sa<\/a><\/p>\n","protected":false},"author":1,"featured_media":0,"parent":0,"menu_order":0,"comment_status":"closed","ping_status":"closed","template":"","meta":{"h5ap_radio_sources":[],"footnotes":""},"class_list":["post-2","page","type-page","status-publish","hentry","entry"],"_links":{"self":[{"href":"https:\/\/hangmester.netpok.hu\/index.php\/wp-json\/wp\/v2\/pages\/2","targetHints":{"allow":["GET"]}}],"collection":[{"href":"https:\/\/hangmester.netpok.hu\/index.php\/wp-json\/wp\/v2\/pages"}],"about":[{"href":"https:\/\/hangmester.netpok.hu\/index.php\/wp-json\/wp\/v2\/types\/page"}],"author":[{"embeddable":true,"href":"https:\/\/hangmester.netpok.hu\/index.php\/wp-json\/wp\/v2\/users\/1"}],"replies":[{"embeddable":true,"href":"https:\/\/hangmester.netpok.hu\/index.php\/wp-json\/wp\/v2\/comments?post=2"}],"version-history":[{"count":0,"href":"https:\/\/hangmester.netpok.hu\/index.php\/wp-json\/wp\/v2\/pages\/2\/revisions"}],"wp:attachment":[{"href":"https:\/\/hangmester.netpok.hu\/index.php\/wp-json\/wp\/v2\/media?parent=2"}],"curies":[{"name":"wp","href":"https:\/\/api.w.org\/{rel}","templated":true}]}}